{"id":1225,"date":"2024-07-18T11:45:33","date_gmt":"2024-07-18T09:45:33","guid":{"rendered":"https:\/\/centrumgitary.pl\/?page_id=1225"},"modified":"2026-01-09T21:53:58","modified_gmt":"2026-01-09T20:53:58","slug":"faq","status":"publish","type":"page","link":"https:\/\/centrumgitary.pl\/index.php\/faq\/","title":{"rendered":"FAQ"},"content":{"rendered":"\t\t<div data-elementor-type=\"wp-page\" data-elementor-id=\"1225\" class=\"elementor elementor-1225\">\n\t\t\t\t<div class=\"elementor-element elementor-element-c52a095 e-flex e-con-boxed wpr-particle-no wpr-jarallax-no wpr-parallax-no wpr-sticky-section-no e-con e-parent\" data-id=\"c52a095\" data-element_type=\"container\" data-settings=\"{&quot;background_background&quot;:&quot;classic&quot;,&quot;shape_divider_bottom&quot;:&quot;wave-brush&quot;}\">\n\t\t\t\t\t<div class=\"e-con-inner\">\n\t\t\t\t<div class=\"elementor-shape elementor-shape-bottom\" aria-hidden=\"true\" data-negative=\"false\">\n\t\t\t<svg xmlns=\"http:\/\/www.w3.org\/2000\/svg\" viewBox=\"0 0 283.5 27.8\" preserveAspectRatio=\"none\">\n\t<path class=\"elementor-shape-fill\" d=\"M283.5,9.7c0,0-7.3,4.3-14,4.6c-6.8,0.3-12.6,0-20.9-1.5c-11.3-2-33.1-10.1-44.7-5.7\ts-12.1,4.6-18,7.4c-6.6,3.2-20,9.6-36.6,9.3C131.6,23.5,99.5,7.2,86.3,8c-1.4,0.1-6.6,0.8-10.5,2c-3.8,1.2-9.4,3.8-17,4.7\tc-3.2,0.4-8.3,1.1-14.2,0.9c-1.5-0.1-6.3-0.4-12-1.6c-5.7-1.2-11-3.1-15.8-3.7C6.5,9.2,0,10.8,0,10.8V0h283.5V9.7z M260.8,11.3\tc-0.7-1-2-0.4-4.3-0.4c-2.3,0-6.1-1.2-5.8-1.1c0.3,0.1,3.1,1.5,6,1.9C259.7,12.2,261.4,12.3,260.8,11.3z M242.4,8.6\tc0,0-2.4-0.2-5.6-0.9c-3.2-0.8-10.3-2.8-15.1-3.5c-8.2-1.1-15.8,0-15.1,0.1c0.8,0.1,9.6-0.6,17.6,1.1c3.3,0.7,9.3,2.2,12.4,2.7\tC239.9,8.7,242.4,8.6,242.4,8.6z M185.2,8.5c1.7-0.7-13.3,4.7-18.5,6.1c-2.1,0.6-6.2,1.6-10,2c-3.9,0.4-8.9,0.4-8.8,0.5\tc0,0.2,5.8,0.8,11.2,0c5.4-0.8,5.2-1.1,7.6-1.6C170.5,14.7,183.5,9.2,185.2,8.5z M199.1,6.9c0.2,0-0.8-0.4-4.8,1.1\tc-4,1.5-6.7,3.5-6.9,3.7c-0.2,0.1,3.5-1.8,6.6-3C197,7.5,199,6.9,199.1,6.9z M283,6c-0.1,0.1-1.9,1.1-4.8,2.5s-6.9,2.8-6.7,2.7\tc0.2,0,3.5-0.6,7.4-2.5C282.8,6.8,283.1,5.9,283,6z M31.3,11.6c0.1-0.2-1.9-0.2-4.5-1.2s-5.4-1.6-7.8-2C15,7.6,7.3,8.5,7.7,8.6\tC8,8.7,15.9,8.3,20.2,9.3c2.2,0.5,2.4,0.5,5.7,1.6S31.2,11.9,31.3,11.6z M73,9.2c0.4-0.1,3.5-1.6,8.4-2.6c4.9-1.1,8.9-0.5,8.9-0.8\tc0-0.3-1-0.9-6.2-0.3S72.6,9.3,73,9.2z M71.6,6.7C71.8,6.8,75,5.4,77.3,5c2.3-0.3,1.9-0.5,1.9-0.6c0-0.1-1.1-0.2-2.7,0.2\tC74.8,5.1,71.4,6.6,71.6,6.7z M93.6,4.4c0.1,0.2,3.5,0.8,5.6,1.8c2.1,1,1.8,0.6,1.9,0.5c0.1-0.1-0.8-0.8-2.4-1.3\tC97.1,4.8,93.5,4.2,93.6,4.4z M65.4,11.1c-0.1,0.3,0.3,0.5,1.9-0.2s2.6-1.3,2.2-1.2s-0.9,0.4-2.5,0.8C65.3,10.9,65.5,10.8,65.4,11.1\tz M34.5,12.4c-0.2,0,2.1,0.8,3.3,0.9c1.2,0.1,2,0.1,2-0.2c0-0.3-0.1-0.5-1.6-0.4C36.6,12.8,34.7,12.4,34.5,12.4z M152.2,21.1\tc-0.1,0.1-2.4-0.3-7.5-0.3c-5,0-13.6-2.4-17.2-3.5c-3.6-1.1,10,3.9,16.5,4.1C150.5,21.6,152.3,21,152.2,21.1z\"\/>\n\t<path class=\"elementor-shape-fill\" d=\"M269.6,18c-0.1-0.1-4.6,0.3-7.2,0c-7.3-0.7-17-3.2-16.6-2.9c0.4,0.3,13.7,3.1,17,3.3\tC267.7,18.8,269.7,18,269.6,18z\"\/>\n\t<path class=\"elementor-shape-fill\" d=\"M227.4,9.8c-0.2-0.1-4.5-1-9.5-1.2c-5-0.2-12.7,0.6-12.3,0.5c0.3-0.1,5.9-1.8,13.3-1.2\tS227.6,9.9,227.4,9.8z\"\/>\n\t<path class=\"elementor-shape-fill\" d=\"M204.5,13.4c-0.1-0.1,2-1,3.2-1.1c1.2-0.1,2,0,2,0.3c0,0.3-0.1,0.5-1.6,0.4\tC206.4,12.9,204.6,13.5,204.5,13.4z\"\/>\n\t<path class=\"elementor-shape-fill\" d=\"M201,10.6c0-0.1-4.4,1.2-6.3,2.2c-1.9,0.9-6.2,3.1-6.1,3.1c0.1,0.1,4.2-1.6,6.3-2.6\tS201,10.7,201,10.6z\"\/>\n\t<path class=\"elementor-shape-fill\" d=\"M154.5,26.7c-0.1-0.1-4.6,0.3-7.2,0c-7.3-0.7-17-3.2-16.6-2.9c0.4,0.3,13.7,3.1,17,3.3\tC152.6,27.5,154.6,26.8,154.5,26.7z\"\/>\n\t<path class=\"elementor-shape-fill\" d=\"M41.9,19.3c0,0,1.2-0.3,2.9-0.1c1.7,0.2,5.8,0.9,8.2,0.7c4.2-0.4,7.4-2.7,7-2.6\tc-0.4,0-4.3,2.2-8.6,1.9c-1.8-0.1-5.1-0.5-6.7-0.4S41.9,19.3,41.9,19.3z\"\/>\n\t<path class=\"elementor-shape-fill\" d=\"M75.5,12.6c0.2,0.1,2-0.8,4.3-1.1c2.3-0.2,2.1-0.3,2.1-0.5c0-0.1-1.8-0.4-3.4,0\tC76.9,11.5,75.3,12.5,75.5,12.6z\"\/>\n\t<path class=\"elementor-shape-fill\" d=\"M15.6,13.2c0-0.1,4.3,0,6.7,0.5c2.4,0.5,5,1.9,5,2c0,0.1-2.7-0.8-5.1-1.4\tC19.9,13.7,15.7,13.3,15.6,13.2z\"\/>\n<\/svg>\t\t<\/div>\n\t\t<div class=\"elementor-element elementor-element-9bb7af3 e-con-full e-flex wpr-particle-no wpr-jarallax-no wpr-parallax-no wpr-sticky-section-no e-con e-child\" data-id=\"9bb7af3\" data-element_type=\"container\">\n\t\t\t\t<div class=\"elementor-element elementor-element-9cf9ad8 animated-slow elementor-invisible elementor-widget elementor-widget-heading\" data-id=\"9cf9ad8\" data-element_type=\"widget\" data-settings=\"{&quot;_animation&quot;:&quot;fadeIn&quot;}\" data-widget_type=\"heading.default\">\n\t\t\t\t<div class=\"elementor-widget-container\">\n\t\t\t\t\t<h2 class=\"elementor-heading-title elementor-size-default\">FAQ<\/h2>\t\t\t\t<\/div>\n\t\t\t\t<\/div>\n\t\t\t\t<div class=\"elementor-element elementor-element-495b529 animated-slow elementor-invisible elementor-widget elementor-widget-heading\" data-id=\"495b529\" data-element_type=\"widget\" data-settings=\"{&quot;_animation&quot;:&quot;fadeIn&quot;,&quot;_animation_delay&quot;:1000}\" data-widget_type=\"heading.default\">\n\t\t\t\t<div class=\"elementor-widget-container\">\n\t\t\t\t\t<h2 class=\"elementor-heading-title elementor-size-default\">Najcz\u0119\u015bciej zadawane pytania<\/h2>\t\t\t\t<\/div>\n\t\t\t\t<\/div>\n\t\t\t\t<\/div>\n\t\t\t\t\t<\/div>\n\t\t\t\t<\/div>\n\t\t<div class=\"elementor-element elementor-element-f70d2a8 e-con-full e-flex wpr-particle-no wpr-jarallax-no wpr-parallax-no wpr-sticky-section-no e-con e-child\" data-id=\"f70d2a8\" data-element_type=\"container\">\n\t\t\t\t<div class=\"elementor-element elementor-element-2b3bb07 wpr-advanced-accordion-icon-no-box elementor-widget elementor-widget-wpr-advanced-accordion\" data-id=\"2b3bb07\" data-element_type=\"widget\" data-settings=\"{&quot;active_item&quot;:1}\" data-widget_type=\"wpr-advanced-accordion.default\">\n\t\t\t\t<div class=\"elementor-widget-container\">\n\t\t\t\t\t\n            <div class=\"wpr-advanced-accordion\" data-accordion-type=\"accordion\" data-active-index=\"1\" data-accordion-trigger=\"click\" data-interaction-speed=\"0.4\">\n\n\t\t\t\n                \n\t\t\t\t\t<div class=\"wpr-accordion-item-wrap\">\n\t\t\t\t\t\t<button class=\"wpr-acc-button\">\n\t\t\t\t\t\t\t<span class=\"wpr-acc-item-title\">\n\t\t\t\t\t\t\t\t\t\t\t\t<span class=\"wpr-title-icon\">\n\t\t\t\t\t\t\t\t\t<\/span>\n\t\t\t\n\t\t\t\t\t\t\t\t<span class=\"wpr-acc-title-text\">Jak wygl\u0105daj\u0105 zaj\u0119cia? Czego uczymy si\u0119 gra\u0107?<\/span>\n\t\t\t\t\t\t\t<\/span>\n\t\t\t\t\t\t\t\t\t\t\t<span class=\"wpr-toggle-icon wpr-ti-close\"><\/span>\n\t\t\t\t<span class=\"wpr-toggle-icon wpr-ti-open\"><\/span>\n\t\t\t\t\t\t\t\t\t<\/button>\n\n\t\t\t\t\t\t<div class=\"wpr-acc-panel\">\n\t\t\t\t\t\t\t\t\t\t\t\t\t\t\t<div class=\"wpr-acc-panel-content\"><p>Na naszych zaj\u0119ciach staramy si\u0119 podchodzi\u0107 indywidualnie do ka\u017cdego ucznia, tak wi\u0119c w g\u0142\u00f3wnej mierze realizujemy to, czym dany ucze\u0144 jest najbardziej zainteresowany oraz tym, co b\u0119dzie dla niego najlepsze w danym momencie. W przypadku m\u0142odszych uczni\u00f3w realizujemy program z sprawdzonych podr\u0119cznik\u00f3w.<\/p><\/div>\n\t\t\t\t\t\t\t\t\t\t\t\t\t<\/div>\n                    <\/div>\n\n                \n\t\t\t\t\t<div class=\"wpr-accordion-item-wrap\">\n\t\t\t\t\t\t<button class=\"wpr-acc-button\">\n\t\t\t\t\t\t\t<span class=\"wpr-acc-item-title\">\n\t\t\t\t\t\t\t\t\t\t\t\t<span class=\"wpr-title-icon\">\n\t\t\t\t\t\t\t\t\t<\/span>\n\t\t\t\n\t\t\t\t\t\t\t\t<span class=\"wpr-acc-title-text\">Gdzie odbywaj\u0105 si\u0119 zaj\u0119cia?<\/span>\n\t\t\t\t\t\t\t<\/span>\n\t\t\t\t\t\t\t\t\t\t\t<span class=\"wpr-toggle-icon wpr-ti-close\"><\/span>\n\t\t\t\t<span class=\"wpr-toggle-icon wpr-ti-open\"><\/span>\n\t\t\t\t\t\t\t\t\t<\/button>\n\n\t\t\t\t\t\t<div class=\"wpr-acc-panel\">\n\t\t\t\t\t\t\t\t\t\t\t\t\t\t\t<div class=\"wpr-acc-panel-content\"><p>Zaj\u0119cia odbywaj\u0105 si\u0119 w Ko\u017alu przy ulicy Piastowskiej 20. Po wpisaniu frazy \u201eCentrum Gitary i D\u017awi\u0119k\u201d w Google Maps na pewno nas znajdziecie \ud83d\ude42<\/p><\/div>\n\t\t\t\t\t\t\t\t\t\t\t\t\t<\/div>\n                    <\/div>\n\n                \n\t\t\t\t\t<div class=\"wpr-accordion-item-wrap\">\n\t\t\t\t\t\t<button class=\"wpr-acc-button\">\n\t\t\t\t\t\t\t<span class=\"wpr-acc-item-title\">\n\t\t\t\t\t\t\t\t\t\t\t\t<span class=\"wpr-title-icon\">\n\t\t\t\t\t\t\t\t\t<\/span>\n\t\t\t\n\t\t\t\t\t\t\t\t<span class=\"wpr-acc-title-text\">Jak cz\u0119sto odbywaj\u0105 si\u0119\u00a0zaj\u0119cia oraz jak d\u0142ugo trwaj\u0105?<\/span>\n\t\t\t\t\t\t\t<\/span>\n\t\t\t\t\t\t\t\t\t\t\t<span class=\"wpr-toggle-icon wpr-ti-close\"><\/span>\n\t\t\t\t<span class=\"wpr-toggle-icon wpr-ti-open\"><\/span>\n\t\t\t\t\t\t\t\t\t<\/button>\n\n\t\t\t\t\t\t<div class=\"wpr-acc-panel\">\n\t\t\t\t\t\t\t\t\t\t\t\t\t\t\t<div class=\"wpr-acc-panel-content\"><p>Zaj\u0119cia zazwyczaj odbywaj\u0105 si\u0119 raz w tygodniu, ale nie ma przeciwskaza\u0144, \u017ceby odbywa\u0142y si\u0119 cz\u0119\u015bciej. Wszystko zale\u017cy od Waszych mo\u017cliwo\u015bci oraz od dost\u0119pno\u015bci wolnych miejsc. Realizujemy rownie\u017c zaj\u0119cia rzadziej ni\u017c raz w tygodniu, ale z wzgl\u0119d\u00f3w organizacyjnych takie lekcje staramy si\u0119 realizowa\u0107 na pocz\u0105tku lub na ko\u0144cu naszego planu zaj\u0119\u0107 na dany dzie\u0144.<\/p><\/div>\n\t\t\t\t\t\t\t\t\t\t\t\t\t<\/div>\n                    <\/div>\n\n                \n\t\t\t\t\t<div class=\"wpr-accordion-item-wrap\">\n\t\t\t\t\t\t<button class=\"wpr-acc-button\">\n\t\t\t\t\t\t\t<span class=\"wpr-acc-item-title\">\n\t\t\t\t\t\t\t\t\t\t\t\t<span class=\"wpr-title-icon\">\n\t\t\t\t\t\t\t\t\t<\/span>\n\t\t\t\n\t\t\t\t\t\t\t\t<span class=\"wpr-acc-title-text\">Jaki jest koszt nauki?<\/span>\n\t\t\t\t\t\t\t<\/span>\n\t\t\t\t\t\t\t\t\t\t\t<span class=\"wpr-toggle-icon wpr-ti-close\"><\/span>\n\t\t\t\t<span class=\"wpr-toggle-icon wpr-ti-open\"><\/span>\n\t\t\t\t\t\t\t\t\t<\/button>\n\n\t\t\t\t\t\t<div class=\"wpr-acc-panel\">\n\t\t\t\t\t\t\t\t\t\t\t\t\t\t\t<div class=\"wpr-acc-panel-content\"><p>Koszt naszych zaj\u0119\u0107 waha si\u0119 w granicach 330 - 490 z\u0142 za miesi\u0105c nauki, b\u0105d\u017a 100 - 150 z\u0142 za pojedyncz\u0105 lekcj\u0119. Wi\u0119cej informacji znajdziecie na naszej stronie internetowej w zak\u0142adce \"CENNIK\"<\/p><\/div>\n\t\t\t\t\t\t\t\t\t\t\t\t\t<\/div>\n                    <\/div>\n\n                \n\t\t\t\t\t<div class=\"wpr-accordion-item-wrap\">\n\t\t\t\t\t\t<button class=\"wpr-acc-button\">\n\t\t\t\t\t\t\t<span class=\"wpr-acc-item-title\">\n\t\t\t\t\t\t\t\t\t\t\t\t<span class=\"wpr-title-icon\">\n\t\t\t\t\t\t\t\t\t<\/span>\n\t\t\t\n\t\t\t\t\t\t\t\t<span class=\"wpr-acc-title-text\">W jakim wieku mo\u017cna rozpocz\u0105\u0107 nauk\u0119?<\/span>\n\t\t\t\t\t\t\t<\/span>\n\t\t\t\t\t\t\t\t\t\t\t<span class=\"wpr-toggle-icon wpr-ti-close\"><\/span>\n\t\t\t\t<span class=\"wpr-toggle-icon wpr-ti-open\"><\/span>\n\t\t\t\t\t\t\t\t\t<\/button>\n\n\t\t\t\t\t\t<div class=\"wpr-acc-panel\">\n\t\t\t\t\t\t\t\t\t\t\t\t\t\t\t<div class=\"wpr-acc-panel-content\"><p>W wi\u0119kszo\u015bci przypadk\u00f3w przyjmujemy uczni\u00f3w od 7 roku wzwy\u017c. Oczywi\u015bcie s\u0105 od tego wyj\u0105tki - trafia\u0142y ju\u017c do nas zdolne 5-cio latki, tak wi\u0119c wszystko zale\u017cy od predyspozycji dziecka. G\u00f3rnej granicy nie ma, poniewa\u017c muzyka r\u00f3wnie\u017c nie zna granic. Najwa\u017cniejsza jest pasja, zapa\u0142, ch\u0119ci i troch\u0119 wolnego czasu.<\/p><\/div>\n\t\t\t\t\t\t\t\t\t\t\t\t\t<\/div>\n                    <\/div>\n\n                \n\t\t\t\t\t<div class=\"wpr-accordion-item-wrap\">\n\t\t\t\t\t\t<button class=\"wpr-acc-button\">\n\t\t\t\t\t\t\t<span class=\"wpr-acc-item-title\">\n\t\t\t\t\t\t\t\t\t\t\t\t<span class=\"wpr-title-icon\">\n\t\t\t\t\t\t\t\t\t<\/span>\n\t\t\t\n\t\t\t\t\t\t\t\t<span class=\"wpr-acc-title-text\">Zaj\u0119cia odbywaj\u0105 si\u0119 grupowo czy indywidualnie?<\/span>\n\t\t\t\t\t\t\t<\/span>\n\t\t\t\t\t\t\t\t\t\t\t<span class=\"wpr-toggle-icon wpr-ti-close\"><\/span>\n\t\t\t\t<span class=\"wpr-toggle-icon wpr-ti-open\"><\/span>\n\t\t\t\t\t\t\t\t\t<\/button>\n\n\t\t\t\t\t\t<div class=\"wpr-acc-panel\">\n\t\t\t\t\t\t\t\t\t\t\t\t\t\t\t<div class=\"wpr-acc-panel-content\"><p>Zdecydowana wi\u0119kszo\u015b\u0107 naszych zaj\u0119\u0107 realizowana jest w formie indywidualnej, za wyj\u0105tkiem zaj\u0119\u0107 zespo\u0142owych. Zdarza nam si\u0119 realizowa\u0107 zaj\u0119cia grupowe z gitary - aby zasi\u0119gn\u0105\u0107 wi\u0119cej informacji nale\u017cy skontaktowa\u0107 si\u0119 z sekretariatem.<\/p><\/div>\n\t\t\t\t\t\t\t\t\t\t\t\t\t<\/div>\n                    <\/div>\n\n                \n\t\t\t\t\t<div class=\"wpr-accordion-item-wrap\">\n\t\t\t\t\t\t<button class=\"wpr-acc-button\">\n\t\t\t\t\t\t\t<span class=\"wpr-acc-item-title\">\n\t\t\t\t\t\t\t\t\t\t\t\t<span class=\"wpr-title-icon\">\n\t\t\t\t\t\t\t\t\t<\/span>\n\t\t\t\n\t\t\t\t\t\t\t\t<span class=\"wpr-acc-title-text\">Czy uczniowie maj\u0105 mo\u017cliwo\u015b\u0107\u00a0grania koncert\u00f3w?<\/span>\n\t\t\t\t\t\t\t<\/span>\n\t\t\t\t\t\t\t\t\t\t\t<span class=\"wpr-toggle-icon wpr-ti-close\"><\/span>\n\t\t\t\t<span class=\"wpr-toggle-icon wpr-ti-open\"><\/span>\n\t\t\t\t\t\t\t\t\t<\/button>\n\n\t\t\t\t\t\t<div class=\"wpr-acc-panel\">\n\t\t\t\t\t\t\t\t\t\t\t\t\t\t\t<div class=\"wpr-acc-panel-content\"><p>Oczywi\u015bcie, raz w roku na prze\u0142omie maja i czerwca dajemy mo\u017cliwo\u015b\u0107 wyst\u0105pienia przed wi\u0119ksz\u0105 publiczno\u015bci\u0105. Podczas naszych koncert\u00f3w staramy si\u0119 jak najwi\u0119cej wsp\u00f3lnie muzykowa\u0107 w przyjaznej atmosferze, tak aby nasi uczniowie mogli prze\u0142amywa\u0107 swoje bariery, poznawa\u0107 i integrowa\u0107 si\u0119 nawzajem.<\/p><\/div>\n\t\t\t\t\t\t\t\t\t\t\t\t\t<\/div>\n                    <\/div>\n\n                \n\t\t\t\t\t<div class=\"wpr-accordion-item-wrap\">\n\t\t\t\t\t\t<button class=\"wpr-acc-button\">\n\t\t\t\t\t\t\t<span class=\"wpr-acc-item-title\">\n\t\t\t\t\t\t\t\t\t\t\t\t<span class=\"wpr-title-icon\">\n\t\t\t\t\t\t\t\t\t<\/span>\n\t\t\t\n\t\t\t\t\t\t\t\t<span class=\"wpr-acc-title-text\">Czy na pocz\u0105tku nauki mo\u017cna wypo\u017cyczy\u0107 u Was instrument?<\/span>\n\t\t\t\t\t\t\t<\/span>\n\t\t\t\t\t\t\t\t\t\t\t<span class=\"wpr-toggle-icon wpr-ti-close\"><\/span>\n\t\t\t\t<span class=\"wpr-toggle-icon wpr-ti-open\"><\/span>\n\t\t\t\t\t\t\t\t\t<\/button>\n\n\t\t\t\t\t\t<div class=\"wpr-acc-panel\">\n\t\t\t\t\t\t\t\t\t\t\t\t\t\t\t<div class=\"wpr-acc-panel-content\"><p>Oczywi\u015bcie, istnieje u nas mo\u017cliwo\u015b\u0107 wypo\u017cyczenia instrument\u00f3w, szczeg\u00f3lnie gitar. Koszt takiego wypo\u017cyczenia to 50 z\u0142 miesi\u0119cznie. Pod tym wzgl\u0119dem najlepiej kontaktowa\u0107 si\u0119 z sekretariatem, aby dowiedzie\u0107 si\u0119 o dost\u0119pno\u015bci instrument\u00f3w.<\/p><\/div>\n\t\t\t\t\t\t\t\t\t\t\t\t\t<\/div>\n                    <\/div>\n\n                \n\t\t\t\t\t<div class=\"wpr-accordion-item-wrap\">\n\t\t\t\t\t\t<button class=\"wpr-acc-button\">\n\t\t\t\t\t\t\t<span class=\"wpr-acc-item-title\">\n\t\t\t\t\t\t\t\t\t\t\t\t<span class=\"wpr-title-icon\">\n\t\t\t\t\t\t\t\t\t<\/span>\n\t\t\t\n\t\t\t\t\t\t\t\t<span class=\"wpr-acc-title-text\">Nie wiem czy moje dziecko nie znudzi si\u0119 nauk\u0105. Co w przypadku je\u017celi b\u0119d\u0119 chcia\u0142\/a zrezygnowa\u0107 z nauki?<\/span>\n\t\t\t\t\t\t\t<\/span>\n\t\t\t\t\t\t\t\t\t\t\t<span class=\"wpr-toggle-icon wpr-ti-close\"><\/span>\n\t\t\t\t<span class=\"wpr-toggle-icon wpr-ti-open\"><\/span>\n\t\t\t\t\t\t\t\t\t<\/button>\n\n\t\t\t\t\t\t<div class=\"wpr-acc-panel\">\n\t\t\t\t\t\t\t\t\t\t\t\t\t\t\t<div class=\"wpr-acc-panel-content\"><p>W szkole obowi\u0105zuje miesi\u0119czny okres wypowiedzenia.<\/p><\/div>\n\t\t\t\t\t\t\t\t\t\t\t\t\t<\/div>\n                    <\/div>\n\n                \n\t\t\t\t\t<div class=\"wpr-accordion-item-wrap\">\n\t\t\t\t\t\t<button class=\"wpr-acc-button\">\n\t\t\t\t\t\t\t<span class=\"wpr-acc-item-title\">\n\t\t\t\t\t\t\t\t\t\t\t\t<span class=\"wpr-title-icon\">\n\t\t\t\t\t\t\t\t\t<\/span>\n\t\t\t\n\t\t\t\t\t\t\t\t<span class=\"wpr-acc-title-text\">Jaki instrument powinienem kupi\u0107?<\/span>\n\t\t\t\t\t\t\t<\/span>\n\t\t\t\t\t\t\t\t\t\t\t<span class=\"wpr-toggle-icon wpr-ti-close\"><\/span>\n\t\t\t\t<span class=\"wpr-toggle-icon wpr-ti-open\"><\/span>\n\t\t\t\t\t\t\t\t\t<\/button>\n\n\t\t\t\t\t\t<div class=\"wpr-acc-panel\">\n\t\t\t\t\t\t\t\t\t\t\t\t\t\t\t<div class=\"wpr-acc-panel-content\"><p>Najlepsz\u0105 opcj\u0105 jest wybranie si\u0119 na lekcj\u0119 pr\u00f3bn\u0105, aby porozmawia\u0107 z wybranym nauczycielem, kt\u00f3ry pomo\u017ce wybra\u0107 optymalny instrument.<\/p><\/div>\n\t\t\t\t\t\t\t\t\t\t\t\t\t<\/div>\n                    <\/div>\n\n                \n\t\t\t\t\t<div class=\"wpr-accordion-item-wrap\">\n\t\t\t\t\t\t<button class=\"wpr-acc-button\">\n\t\t\t\t\t\t\t<span class=\"wpr-acc-item-title\">\n\t\t\t\t\t\t\t\t\t\t\t\t<span class=\"wpr-title-icon\">\n\t\t\t\t\t\t\t\t\t<\/span>\n\t\t\t\n\t\t\t\t\t\t\t\t<span class=\"wpr-acc-title-text\">Co w sytuacji, je\u017celi nie b\u0119d\u0119 w stanie pojawi\u0107 si\u0119 na zaj\u0119ciach?<\/span>\n\t\t\t\t\t\t\t<\/span>\n\t\t\t\t\t\t\t\t\t\t\t<span class=\"wpr-toggle-icon wpr-ti-close\"><\/span>\n\t\t\t\t<span class=\"wpr-toggle-icon wpr-ti-open\"><\/span>\n\t\t\t\t\t\t\t\t\t<\/button>\n\n\t\t\t\t\t\t<div class=\"wpr-acc-panel\">\n\t\t\t\t\t\t\t\t\t\t\t\t\t\t\t<div class=\"wpr-acc-panel-content\"><p>Przyjmujemy zasad\u0119, \u017ce zaj\u0119cia odrabiamy, je\u017celi zostan\u0105 odwo\u0142ane minimum w dniu poprzedzaj\u0105cym dan\u0105 lekcj\u0119. Zaj\u0119cia odwo\u0142ane tego samego dnia niestety przepadaj\u0105.<\/p><\/div>\n\t\t\t\t\t\t\t\t\t\t\t\t\t<\/div>\n                    <\/div>\n\n                \n\t\t\t\t\t<div class=\"wpr-accordion-item-wrap\">\n\t\t\t\t\t\t<button class=\"wpr-acc-button\">\n\t\t\t\t\t\t\t<span class=\"wpr-acc-item-title\">\n\t\t\t\t\t\t\t\t\t\t\t\t<span class=\"wpr-title-icon\">\n\t\t\t\t\t\t\t\t\t<\/span>\n\t\t\t\n\t\t\t\t\t\t\t\t<span class=\"wpr-acc-title-text\">Sk\u0105d mam wiedzie\u0107 czy moje dziecko ma predyspozycje do nauki gry na instrumentach?<\/span>\n\t\t\t\t\t\t\t<\/span>\n\t\t\t\t\t\t\t\t\t\t\t<span class=\"wpr-toggle-icon wpr-ti-close\"><\/span>\n\t\t\t\t<span class=\"wpr-toggle-icon wpr-ti-open\"><\/span>\n\t\t\t\t\t\t\t\t\t<\/button>\n\n\t\t\t\t\t\t<div class=\"wpr-acc-panel\">\n\t\t\t\t\t\t\t\t\t\t\t\t\t\t\t<div class=\"wpr-acc-panel-content\"><p>Najlepiej wybra\u0107 si\u0119 na lekcj\u0119 pr\u00f3bn\u0105, aby nasz nauczyciel m\u00f3g\u0142 oceni\u0107 predyspozycje Twojej pociechy.<\/p><\/div>\n\t\t\t\t\t\t\t\t\t\t\t\t\t<\/div>\n                    <\/div>\n\n                            <\/div>\n        \t\t\t\t<\/div>\n\t\t\t\t<\/div>\n\t\t\t\t<\/div>\n\t\t\t\t<\/div>\n\t\t","protected":false},"excerpt":{"rendered":"<p>FAQ Najcz\u0119\u015bciej zadawane pytania Jak wygl\u0105daj\u0105 zaj\u0119cia? Czego uczymy si\u0119 gra\u0107? Na naszych zaj\u0119ciach staramy si\u0119 podchodzi\u0107 indywidualnie do ka\u017cdego ucznia, tak wi\u0119c w g\u0142\u00f3wnej mierze realizujemy to, czym dany ucze\u0144 jest najbardziej zainteresowany oraz tym, co b\u0119dzie dla niego najlepsze w danym momencie. W przypadku m\u0142odszych uczni\u00f3w realizujemy program z sprawdzonych podr\u0119cznik\u00f3w. Gdzie odbywaj\u0105 si\u0119 zaj\u0119cia? Zaj\u0119cia odbywaj\u0105 si\u0119 w Ko\u017alu przy ulicy Piastowskiej 20. Po wpisaniu frazy \u201eCentrum Gitary i D\u017awi\u0119k\u201d w Google Maps na pewno nas znajdziecie \ud83d\ude42 Jak cz\u0119sto odbywaj\u0105 si\u0119\u00a0zaj\u0119cia oraz jak d\u0142ugo trwaj\u0105? Zaj\u0119cia zazwyczaj odbywaj\u0105 si\u0119 raz w tygodniu, ale nie ma przeciwskaza\u0144, \u017ceby odbywa\u0142y si\u0119 cz\u0119\u015bciej. Wszystko zale\u017cy od Waszych mo\u017cliwo\u015bci oraz od dost\u0119pno\u015bci wolnych miejsc. Realizujemy rownie\u017c zaj\u0119cia rzadziej ni\u017c raz w tygodniu, ale z wzgl\u0119d\u00f3w organizacyjnych takie lekcje staramy si\u0119 realizowa\u0107 na pocz\u0105tku lub na ko\u0144cu naszego planu zaj\u0119\u0107 na dany dzie\u0144. Jaki jest koszt nauki? Koszt naszych zaj\u0119\u0107 waha si\u0119 w granicach 330 &#8211; 490 z\u0142 za miesi\u0105c nauki, b\u0105d\u017a 100 &#8211; 150 z\u0142 za pojedyncz\u0105 lekcj\u0119. Wi\u0119cej informacji znajdziecie na naszej stronie internetowej w zak\u0142adce &#8222;CENNIK&#8221; W jakim wieku mo\u017cna rozpocz\u0105\u0107 nauk\u0119? W wi\u0119kszo\u015bci przypadk\u00f3w przyjmujemy uczni\u00f3w od 7 roku wzwy\u017c. Oczywi\u015bcie s\u0105 od tego wyj\u0105tki &#8211; trafia\u0142y ju\u017c do nas zdolne 5-cio latki, tak wi\u0119c wszystko zale\u017cy od predyspozycji dziecka. G\u00f3rnej granicy nie ma, poniewa\u017c muzyka r\u00f3wnie\u017c nie zna granic. Najwa\u017cniejsza jest pasja, zapa\u0142, ch\u0119ci i troch\u0119 wolnego czasu. Zaj\u0119cia odbywaj\u0105 si\u0119 grupowo czy indywidualnie? Zdecydowana wi\u0119kszo\u015b\u0107 naszych zaj\u0119\u0107 realizowana jest w formie indywidualnej, za wyj\u0105tkiem zaj\u0119\u0107 zespo\u0142owych. Zdarza nam si\u0119 realizowa\u0107 zaj\u0119cia grupowe z gitary &#8211; aby zasi\u0119gn\u0105\u0107 wi\u0119cej informacji nale\u017cy skontaktowa\u0107 si\u0119 z sekretariatem. Czy uczniowie maj\u0105 mo\u017cliwo\u015b\u0107\u00a0grania koncert\u00f3w? Oczywi\u015bcie, raz w roku na prze\u0142omie maja i czerwca dajemy mo\u017cliwo\u015b\u0107 wyst\u0105pienia przed wi\u0119ksz\u0105 publiczno\u015bci\u0105. Podczas naszych koncert\u00f3w staramy si\u0119 jak najwi\u0119cej wsp\u00f3lnie muzykowa\u0107 w przyjaznej atmosferze, tak aby nasi uczniowie mogli prze\u0142amywa\u0107 swoje bariery, poznawa\u0107 i integrowa\u0107 si\u0119 nawzajem. Czy na pocz\u0105tku nauki mo\u017cna wypo\u017cyczy\u0107 u Was instrument? Oczywi\u015bcie, istnieje u nas mo\u017cliwo\u015b\u0107 wypo\u017cyczenia instrument\u00f3w, szczeg\u00f3lnie gitar. Koszt takiego wypo\u017cyczenia to 50 z\u0142 miesi\u0119cznie. Pod tym wzgl\u0119dem najlepiej kontaktowa\u0107 si\u0119 z sekretariatem, aby dowiedzie\u0107 si\u0119 o dost\u0119pno\u015bci instrument\u00f3w. Nie wiem czy moje dziecko nie znudzi si\u0119 nauk\u0105. Co w przypadku je\u017celi b\u0119d\u0119 chcia\u0142\/a zrezygnowa\u0107 z nauki? W szkole obowi\u0105zuje miesi\u0119czny okres wypowiedzenia. Jaki instrument powinienem kupi\u0107? Najlepsz\u0105 opcj\u0105 jest wybranie si\u0119 na lekcj\u0119 pr\u00f3bn\u0105, aby porozmawia\u0107 z wybranym nauczycielem, kt\u00f3ry pomo\u017ce wybra\u0107 optymalny instrument. Co w sytuacji, je\u017celi nie b\u0119d\u0119 w stanie pojawi\u0107 si\u0119 na zaj\u0119ciach? Przyjmujemy zasad\u0119, \u017ce zaj\u0119cia odrabiamy, je\u017celi zostan\u0105 odwo\u0142ane minimum w dniu poprzedzaj\u0105cym dan\u0105 lekcj\u0119. Zaj\u0119cia odwo\u0142ane tego samego dnia niestety przepadaj\u0105. Sk\u0105d mam wiedzie\u0107 czy moje dziecko ma predyspozycje do nauki gry na instrumentach? Najlepiej wybra\u0107 si\u0119 na lekcj\u0119 pr\u00f3bn\u0105, aby nasz nauczyciel m\u00f3g\u0142 oceni\u0107 predyspozycje Twojej pociechy.<\/p>\n","protected":false},"author":1,"featured_media":0,"parent":0,"menu_order":0,"comment_status":"closed","ping_status":"closed","template":"","meta":{"footnotes":""},"class_list":["post-1225","page","type-page","status-publish","hentry"],"blocksy_meta":[],"_links":{"self":[{"href":"https:\/\/centrumgitary.pl\/index.php\/wp-json\/wp\/v2\/pages\/1225","targetHints":{"allow":["GET"]}}],"collection":[{"href":"https:\/\/centrumgitary.pl\/index.php\/wp-json\/wp\/v2\/pages"}],"about":[{"href":"https:\/\/centrumgitary.pl\/index.php\/wp-json\/wp\/v2\/types\/page"}],"author":[{"embeddable":true,"href":"https:\/\/centrumgitary.pl\/index.php\/wp-json\/wp\/v2\/users\/1"}],"replies":[{"embeddable":true,"href":"https:\/\/centrumgitary.pl\/index.php\/wp-json\/wp\/v2\/comments?post=1225"}],"version-history":[{"count":12,"href":"https:\/\/centrumgitary.pl\/index.php\/wp-json\/wp\/v2\/pages\/1225\/revisions"}],"predecessor-version":[{"id":2335,"href":"https:\/\/centrumgitary.pl\/index.php\/wp-json\/wp\/v2\/pages\/1225\/revisions\/2335"}],"wp:attachment":[{"href":"https:\/\/centrumgitary.pl\/index.php\/wp-json\/wp\/v2\/media?parent=1225"}],"curies":[{"name":"wp","href":"https:\/\/api.w.org\/{rel}","templated":true}]}}