{"id":457,"date":"2023-08-01T10:28:53","date_gmt":"2023-08-01T08:28:53","guid":{"rendered":"http:\/\/centrumgitary.pl\/?page_id=457"},"modified":"2024-07-19T10:08:26","modified_gmt":"2024-07-19T08:08:26","slug":"rodo","status":"publish","type":"page","link":"https:\/\/centrumgitary.pl\/index.php\/rodo\/","title":{"rendered":"rodo"},"content":{"rendered":"\t\t<div data-elementor-type=\"wp-page\" data-elementor-id=\"457\" class=\"elementor elementor-457\">\n\t\t\t\t<div class=\"elementor-element elementor-element-ebfd478 e-flex e-con-boxed wpr-particle-no wpr-jarallax-no wpr-parallax-no wpr-sticky-section-no e-con e-parent\" data-id=\"ebfd478\" data-element_type=\"container\" data-settings=\"{&quot;background_background&quot;:&quot;classic&quot;,&quot;shape_divider_bottom&quot;:&quot;wave-brush&quot;}\">\n\t\t\t\t\t<div class=\"e-con-inner\">\n\t\t\t\t<div class=\"elementor-shape elementor-shape-bottom\" aria-hidden=\"true\" data-negative=\"false\">\n\t\t\t<svg xmlns=\"http:\/\/www.w3.org\/2000\/svg\" viewBox=\"0 0 283.5 27.8\" preserveAspectRatio=\"none\">\n\t<path class=\"elementor-shape-fill\" d=\"M283.5,9.7c0,0-7.3,4.3-14,4.6c-6.8,0.3-12.6,0-20.9-1.5c-11.3-2-33.1-10.1-44.7-5.7\ts-12.1,4.6-18,7.4c-6.6,3.2-20,9.6-36.6,9.3C131.6,23.5,99.5,7.2,86.3,8c-1.4,0.1-6.6,0.8-10.5,2c-3.8,1.2-9.4,3.8-17,4.7\tc-3.2,0.4-8.3,1.1-14.2,0.9c-1.5-0.1-6.3-0.4-12-1.6c-5.7-1.2-11-3.1-15.8-3.7C6.5,9.2,0,10.8,0,10.8V0h283.5V9.7z M260.8,11.3\tc-0.7-1-2-0.4-4.3-0.4c-2.3,0-6.1-1.2-5.8-1.1c0.3,0.1,3.1,1.5,6,1.9C259.7,12.2,261.4,12.3,260.8,11.3z M242.4,8.6\tc0,0-2.4-0.2-5.6-0.9c-3.2-0.8-10.3-2.8-15.1-3.5c-8.2-1.1-15.8,0-15.1,0.1c0.8,0.1,9.6-0.6,17.6,1.1c3.3,0.7,9.3,2.2,12.4,2.7\tC239.9,8.7,242.4,8.6,242.4,8.6z M185.2,8.5c1.7-0.7-13.3,4.7-18.5,6.1c-2.1,0.6-6.2,1.6-10,2c-3.9,0.4-8.9,0.4-8.8,0.5\tc0,0.2,5.8,0.8,11.2,0c5.4-0.8,5.2-1.1,7.6-1.6C170.5,14.7,183.5,9.2,185.2,8.5z M199.1,6.9c0.2,0-0.8-0.4-4.8,1.1\tc-4,1.5-6.7,3.5-6.9,3.7c-0.2,0.1,3.5-1.8,6.6-3C197,7.5,199,6.9,199.1,6.9z M283,6c-0.1,0.1-1.9,1.1-4.8,2.5s-6.9,2.8-6.7,2.7\tc0.2,0,3.5-0.6,7.4-2.5C282.8,6.8,283.1,5.9,283,6z M31.3,11.6c0.1-0.2-1.9-0.2-4.5-1.2s-5.4-1.6-7.8-2C15,7.6,7.3,8.5,7.7,8.6\tC8,8.7,15.9,8.3,20.2,9.3c2.2,0.5,2.4,0.5,5.7,1.6S31.2,11.9,31.3,11.6z M73,9.2c0.4-0.1,3.5-1.6,8.4-2.6c4.9-1.1,8.9-0.5,8.9-0.8\tc0-0.3-1-0.9-6.2-0.3S72.6,9.3,73,9.2z M71.6,6.7C71.8,6.8,75,5.4,77.3,5c2.3-0.3,1.9-0.5,1.9-0.6c0-0.1-1.1-0.2-2.7,0.2\tC74.8,5.1,71.4,6.6,71.6,6.7z M93.6,4.4c0.1,0.2,3.5,0.8,5.6,1.8c2.1,1,1.8,0.6,1.9,0.5c0.1-0.1-0.8-0.8-2.4-1.3\tC97.1,4.8,93.5,4.2,93.6,4.4z M65.4,11.1c-0.1,0.3,0.3,0.5,1.9-0.2s2.6-1.3,2.2-1.2s-0.9,0.4-2.5,0.8C65.3,10.9,65.5,10.8,65.4,11.1\tz M34.5,12.4c-0.2,0,2.1,0.8,3.3,0.9c1.2,0.1,2,0.1,2-0.2c0-0.3-0.1-0.5-1.6-0.4C36.6,12.8,34.7,12.4,34.5,12.4z M152.2,21.1\tc-0.1,0.1-2.4-0.3-7.5-0.3c-5,0-13.6-2.4-17.2-3.5c-3.6-1.1,10,3.9,16.5,4.1C150.5,21.6,152.3,21,152.2,21.1z\"\/>\n\t<path class=\"elementor-shape-fill\" d=\"M269.6,18c-0.1-0.1-4.6,0.3-7.2,0c-7.3-0.7-17-3.2-16.6-2.9c0.4,0.3,13.7,3.1,17,3.3\tC267.7,18.8,269.7,18,269.6,18z\"\/>\n\t<path class=\"elementor-shape-fill\" d=\"M227.4,9.8c-0.2-0.1-4.5-1-9.5-1.2c-5-0.2-12.7,0.6-12.3,0.5c0.3-0.1,5.9-1.8,13.3-1.2\tS227.6,9.9,227.4,9.8z\"\/>\n\t<path class=\"elementor-shape-fill\" d=\"M204.5,13.4c-0.1-0.1,2-1,3.2-1.1c1.2-0.1,2,0,2,0.3c0,0.3-0.1,0.5-1.6,0.4\tC206.4,12.9,204.6,13.5,204.5,13.4z\"\/>\n\t<path class=\"elementor-shape-fill\" d=\"M201,10.6c0-0.1-4.4,1.2-6.3,2.2c-1.9,0.9-6.2,3.1-6.1,3.1c0.1,0.1,4.2-1.6,6.3-2.6\tS201,10.7,201,10.6z\"\/>\n\t<path class=\"elementor-shape-fill\" d=\"M154.5,26.7c-0.1-0.1-4.6,0.3-7.2,0c-7.3-0.7-17-3.2-16.6-2.9c0.4,0.3,13.7,3.1,17,3.3\tC152.6,27.5,154.6,26.8,154.5,26.7z\"\/>\n\t<path class=\"elementor-shape-fill\" d=\"M41.9,19.3c0,0,1.2-0.3,2.9-0.1c1.7,0.2,5.8,0.9,8.2,0.7c4.2-0.4,7.4-2.7,7-2.6\tc-0.4,0-4.3,2.2-8.6,1.9c-1.8-0.1-5.1-0.5-6.7-0.4S41.9,19.3,41.9,19.3z\"\/>\n\t<path class=\"elementor-shape-fill\" d=\"M75.5,12.6c0.2,0.1,2-0.8,4.3-1.1c2.3-0.2,2.1-0.3,2.1-0.5c0-0.1-1.8-0.4-3.4,0\tC76.9,11.5,75.3,12.5,75.5,12.6z\"\/>\n\t<path class=\"elementor-shape-fill\" d=\"M15.6,13.2c0-0.1,4.3,0,6.7,0.5c2.4,0.5,5,1.9,5,2c0,0.1-2.7-0.8-5.1-1.4\tC19.9,13.7,15.7,13.3,15.6,13.2z\"\/>\n<\/svg>\t\t<\/div>\n\t\t<div class=\"elementor-element elementor-element-edd1111 e-con-full e-flex wpr-particle-no wpr-jarallax-no wpr-parallax-no wpr-sticky-section-no e-con e-child\" data-id=\"edd1111\" data-element_type=\"container\">\n\t\t\t\t<div class=\"elementor-element elementor-element-08b70e1 animated-slow elementor-invisible elementor-widget elementor-widget-heading\" data-id=\"08b70e1\" data-element_type=\"widget\" data-settings=\"{&quot;_animation&quot;:&quot;fadeIn&quot;}\" data-widget_type=\"heading.default\">\n\t\t\t\t<div class=\"elementor-widget-container\">\n\t\t\t\t\t<h2 class=\"elementor-heading-title elementor-size-default\">RODO<\/h2>\t\t\t\t<\/div>\n\t\t\t\t<\/div>\n\t\t\t\t<\/div>\n\t\t\t\t\t<\/div>\n\t\t\t\t<\/div>\n\t\t<div class=\"elementor-element elementor-element-79342f9 e-flex e-con-boxed wpr-particle-no wpr-jarallax-no wpr-parallax-no wpr-sticky-section-no e-con e-parent\" data-id=\"79342f9\" data-element_type=\"container\">\n\t\t\t\t\t<div class=\"e-con-inner\">\n\t\t\t\t<div class=\"elementor-element elementor-element-1483187 elementor-widget elementor-widget-heading\" data-id=\"1483187\" data-element_type=\"widget\" data-widget_type=\"heading.default\">\n\t\t\t\t<div class=\"elementor-widget-container\">\n\t\t\t\t\t<h2 class=\"elementor-heading-title elementor-size-default\">Klauzula informacyjna (RODO)<\/h2>\t\t\t\t<\/div>\n\t\t\t\t<\/div>\n\t\t\t\t<div class=\"elementor-element elementor-element-8fbba14 elementor-widget__width-initial elementor-widget elementor-widget-text-editor\" data-id=\"8fbba14\" data-element_type=\"widget\" data-widget_type=\"text-editor.default\">\n\t\t\t\t<div class=\"elementor-widget-container\">\n\t\t\t\t\t\t\t\t\t<div><b>W zwi\u0105zku z wej\u015bciem w \u017cycie art. 13 Og\u00f3lnego Rozporz\u0105dzenia Parlamentu Europejskiego i RADY (UE) 2016\/679 z dnia 27\/04\/2016 w sprawie ochrony i przetwarzania danych osobowych (RODO) informuj\u0119, \u017ce Firma Krzysztof Gro\u0144ski Centrum Gitary I D\u017awi\u0119ku ul. Grzybowa 45 47-206 K\u0119dzierzyn-Ko\u017ale przetwarza przekazane przez Pa\u0144stwo dane osobowe:<\/b><\/div>\n<div>&nbsp;<\/div>\n<div>&nbsp;<\/div>\n<ol class=\"ol1\">\n<li class=\"li4\">Administratorem Pa\u0144stwa danych osobowych jest Firma Krzysztof Gro\u0144ski Centrum Gitary i D\u017awi\u0119ku ul. Grzybowa 45 47-206 K\u0119dzierzyn-Ko\u017ale.<\/li>\n<li class=\"li4\">We wszystkich sprawach dotycz\u0105cych przetwarzania danych osobowych nale\u017cy si\u0119 kontaktowa\u0107 listownie pod ww. adresem siedziby.<\/li>\n<li class=\"li4\">Pa\u0144stwa dane osobowe s\u0105 przetwarzane na podstawie Art. 6 ust.1 lit. b og\u00f3lnego rozporz\u0105dzenia o ochronie danych osobowych z dnia 27\/04\/2016 r. w zwi\u0105zku <br>z wykonywaniem umowy, a tak\u017ce w celu realizacji obowi\u0105zk\u00f3w podatkowych <br>lub ksi\u0119gowych<span class=\"Apple-converted-space\">&nbsp; <\/span>zwi\u0105zanych z rozliczeniem umowy na podstawie art. 6 ust. 1 lit. c <span class=\"Apple-converted-space\">&nbsp; &nbsp; &nbsp; &nbsp; &nbsp; &nbsp; <\/span>(RODO) do cel\u00f3w wynikaj\u0105cych z prawnie uzasadnionych interes\u00f3w realizowanych przez Firm\u0119, jak r\u00f3wnie\u017c w celach archiwalnych (dowodowych) b\u0119d\u0105cych realizacj\u0105 naszego prawnie uzasadnionego interesu zabezpieczenia informacji o wykonanych us\u0142ugach (podstawa: art. 6 ust.1 lit. f RODO).<\/li>\n<li class=\"li4\">Firma Krzysztof Gro\u0144ski Centrum Gitary I D\u017awi\u0119ku ul. Grzybowa 45 47-206 K\u0119dzierzyn-Ko\u017ale jako administrator mo\u017ce udost\u0119pni\u0107 i przekaza\u0107 Pa\u0144stwa dane naszym odbiorcom, jak r\u00f3wnie\u017c podmiotom \u015bwiadcz\u0105cym nam us\u0142ugi oraz instytucjom, kt\u00f3re z mocy prawa mog\u0105 \u017c\u0105da\u0107 przekazania tych danych.<\/li>\n<li class=\"li4\">Pa\u0144stwa dane osobowe b\u0119d\u0105 przechowywane przez okres trwania wsp\u00f3\u0142pracy, dochodzenia lub zabezpieczenia roszcze\u0144, a w szczeg\u00f3lno\u015bci w okresie, przez kt\u00f3ry jeste\u015bmy zobowi\u0105zani do przetwarzania i przechowywania danych wynikaj\u0105cych <br>z przepis\u00f3w prawa (w tym ustawy o podatku dochodowym i podatku VAT).<\/li>\n<li class=\"li4\">Przys\u0142uguje Pa\u0144stwu prawo do:<br><ul class=\"ul1\">\n<li class=\"li4\">\u017c\u0105dania dost\u0119pu do swoich danych osobowych oraz ich sprostowania,<\/li>\n<li class=\"li4\">ograniczenia przetwarzania danych lub do ich usuni\u0119cia zgodnie z art. 17 RODO &#8222;prawo do bycia zapomnianym&#8221;,<\/li>\n<li class=\"li4\">przeniesienia danych osobowych zgodnie z art. 20 RODO,<\/li>\n<li class=\"li4\">wycofania w dowolnym momencie udzielonej wcze\u015bniej zgodny na przetwarzanie danych osobowych,<\/li>\n<li class=\"li4\">wniesienia sprzeciwu w dowolnym momencie wobec przetwarzania danych osobowych, z przyczyn zwi\u0105zanych ze szczeg\u00f3ln\u0105 sytuacj\u0105, o kt\u00f3rych mowa <br>w art. 21 ust.1 RODO,<\/li>\n<li class=\"li4\">wniesienia skargi do organu nadzorczego zajmuj\u0105cego si\u0119 ochron\u0105 danych osobowych (Prezesa Urz\u0119du Ochrony Danych Osobowych).<\/li>\n<\/ul>\n<\/li>\n<\/ol>\t\t\t\t\t\t\t\t<\/div>\n\t\t\t\t<\/div>\n\t\t\t\t\t<\/div>\n\t\t\t\t<\/div>\n\t\t\t\t<\/div>\n\t\t","protected":false},"excerpt":{"rendered":"<p>RODO Klauzula informacyjna (RODO) W zwi\u0105zku z wej\u015bciem w \u017cycie art. 13 Og\u00f3lnego Rozporz\u0105dzenia Parlamentu Europejskiego i RADY (UE) 2016\/679 z dnia 27\/04\/2016 w sprawie ochrony i przetwarzania danych osobowych (RODO) informuj\u0119, \u017ce Firma Krzysztof Gro\u0144ski Centrum Gitary I D\u017awi\u0119ku ul. Grzybowa 45 47-206 K\u0119dzierzyn-Ko\u017ale przetwarza przekazane przez Pa\u0144stwo dane osobowe: &nbsp; &nbsp; Administratorem Pa\u0144stwa danych osobowych jest Firma Krzysztof Gro\u0144ski Centrum Gitary i D\u017awi\u0119ku ul. Grzybowa 45 47-206 K\u0119dzierzyn-Ko\u017ale. We wszystkich sprawach dotycz\u0105cych przetwarzania danych osobowych nale\u017cy si\u0119 kontaktowa\u0107 listownie pod ww. adresem siedziby. Pa\u0144stwa dane osobowe s\u0105 przetwarzane na podstawie Art. 6 ust.1 lit. b og\u00f3lnego rozporz\u0105dzenia o ochronie danych osobowych z dnia 27\/04\/2016 r. w zwi\u0105zku z wykonywaniem umowy, a tak\u017ce w celu realizacji obowi\u0105zk\u00f3w podatkowych lub ksi\u0119gowych&nbsp; zwi\u0105zanych z rozliczeniem umowy na podstawie art. 6 ust. 1 lit. c &nbsp; &nbsp; &nbsp; &nbsp; &nbsp; &nbsp; (RODO) do cel\u00f3w wynikaj\u0105cych z prawnie uzasadnionych interes\u00f3w realizowanych przez Firm\u0119, jak r\u00f3wnie\u017c w celach archiwalnych (dowodowych) b\u0119d\u0105cych realizacj\u0105 naszego prawnie uzasadnionego interesu zabezpieczenia informacji o wykonanych us\u0142ugach (podstawa: art. 6 ust.1 lit. f RODO). Firma Krzysztof Gro\u0144ski Centrum Gitary I D\u017awi\u0119ku ul. Grzybowa 45 47-206 K\u0119dzierzyn-Ko\u017ale jako administrator mo\u017ce udost\u0119pni\u0107 i przekaza\u0107 Pa\u0144stwa dane naszym odbiorcom, jak r\u00f3wnie\u017c podmiotom \u015bwiadcz\u0105cym nam us\u0142ugi oraz instytucjom, kt\u00f3re z mocy prawa mog\u0105 \u017c\u0105da\u0107 przekazania tych danych. Pa\u0144stwa dane osobowe b\u0119d\u0105 przechowywane przez okres trwania wsp\u00f3\u0142pracy, dochodzenia lub zabezpieczenia roszcze\u0144, a w szczeg\u00f3lno\u015bci w okresie, przez kt\u00f3ry jeste\u015bmy zobowi\u0105zani do przetwarzania i przechowywania danych wynikaj\u0105cych z przepis\u00f3w prawa (w tym ustawy o podatku dochodowym i podatku VAT). Przys\u0142uguje Pa\u0144stwu prawo do: \u017c\u0105dania dost\u0119pu do swoich danych osobowych oraz ich sprostowania, ograniczenia przetwarzania danych lub do ich usuni\u0119cia zgodnie z art. 17 RODO &#8222;prawo do bycia zapomnianym&#8221;, przeniesienia danych osobowych zgodnie z art. 20 RODO, wycofania w dowolnym momencie udzielonej wcze\u015bniej zgodny na przetwarzanie danych osobowych, wniesienia sprzeciwu w dowolnym momencie wobec przetwarzania danych osobowych, z przyczyn zwi\u0105zanych ze szczeg\u00f3ln\u0105 sytuacj\u0105, o kt\u00f3rych mowa w art. 21 ust.1 RODO, wniesienia skargi do organu nadzorczego zajmuj\u0105cego si\u0119 ochron\u0105 danych osobowych (Prezesa Urz\u0119du Ochrony Danych Osobowych).<\/p>\n","protected":false},"author":1,"featured_media":0,"parent":0,"menu_order":0,"comment_status":"closed","ping_status":"closed","template":"","meta":{"footnotes":""},"class_list":["post-457","page","type-page","status-publish","hentry"],"blocksy_meta":[],"_links":{"self":[{"href":"https:\/\/centrumgitary.pl\/index.php\/wp-json\/wp\/v2\/pages\/457","targetHints":{"allow":["GET"]}}],"collection":[{"href":"https:\/\/centrumgitary.pl\/index.php\/wp-json\/wp\/v2\/pages"}],"about":[{"href":"https:\/\/centrumgitary.pl\/index.php\/wp-json\/wp\/v2\/types\/page"}],"author":[{"embeddable":true,"href":"https:\/\/centrumgitary.pl\/index.php\/wp-json\/wp\/v2\/users\/1"}],"replies":[{"embeddable":true,"href":"https:\/\/centrumgitary.pl\/index.php\/wp-json\/wp\/v2\/comments?post=457"}],"version-history":[{"count":3,"href":"https:\/\/centrumgitary.pl\/index.php\/wp-json\/wp\/v2\/pages\/457\/revisions"}],"predecessor-version":[{"id":1674,"href":"https:\/\/centrumgitary.pl\/index.php\/wp-json\/wp\/v2\/pages\/457\/revisions\/1674"}],"wp:attachment":[{"href":"https:\/\/centrumgitary.pl\/index.php\/wp-json\/wp\/v2\/media?parent=457"}],"curies":[{"name":"wp","href":"https:\/\/api.w.org\/{rel}","templated":true}]}}